{"id":124,"date":"2021-04-05T16:04:06","date_gmt":"2021-04-05T16:04:06","guid":{"rendered":"https:\/\/zapachprochu.com\/?page_id=124"},"modified":"2021-04-05T18:54:08","modified_gmt":"2021-04-05T18:54:08","slug":"o-mnie","status":"publish","type":"page","link":"https:\/\/zapachprochu.com\/en\/o-mnie\/","title":{"rendered":"ABOUT ME"},"content":{"rendered":"<div class=\"wp-block-media-text alignwide is-stacked-on-mobile\"><figure class=\"wp-block-media-text__media\"><img loading=\"lazy\" width=\"800\" height=\"1200\" src=\"https:\/\/zapachprochu.com\/wp-content\/uploads\/2021\/04\/008-gallery-2.jpg\" alt=\"\" class=\"wp-image-127 size-full\" srcset=\"https:\/\/zapachprochu.com\/wp-content\/uploads\/2021\/04\/008-gallery-2.jpg 800w, https:\/\/zapachprochu.com\/wp-content\/uploads\/2021\/04\/008-gallery-2-200x300.jpg 200w, https:\/\/zapachprochu.com\/wp-content\/uploads\/2021\/04\/008-gallery-2-683x1024.jpg 683w, https:\/\/zapachprochu.com\/wp-content\/uploads\/2021\/04\/008-gallery-2-768x1152.jpg 768w\" sizes=\"(max-width: 800px) 100vw, 800px\" \/><\/figure><div class=\"wp-block-media-text__content\">\n<p class=\"has-text-align-center has-large-font-size\"><strong>Micha\u0142 &#8222;Ro\u017cek&#8221; Ro\u017cy\u0144ski<\/strong><\/p>\n\n\n\n<p class=\"has-text-align-center\"><strong>I am a retired Police officer, shooting instructor, range officer and handyman \ud83d\ude42<\/strong><\/p>\n\n\n\n<p class=\"has-text-align-center\"><strong>I have many years of experience as a shooting instructor, in service and in civilian life.<\/strong><\/p>\n\n\n\n<p class=\"has-text-align-center\"><strong>I raised my skills during a number of trainings as well as during missions abroad.<\/strong><\/p>\n\n\n\n<p class=\"has-text-align-center\"><strong>I am a competitor in dynamic sport shooting associated in the IPSC (International Practical Shooting Confederation) Poland, the largest organization of dynamic shooting in the world. I also have the permissions of a shooting referee and Range Officer. I am a member of NROI Polska, or the National Range Officers Institute.<\/strong>.<\/p>\n\n\n\n<p class=\"has-text-align-center\"><strong>I am also a co-founder and board member of the ARDEA Shooting Club and a co-founder of the first club in this part of Europe subordinate to the American organization USPSA, Steel Shooters Poland.<\/strong><\/p>\n\n\n\n<p class=\"has-text-align-center\"><strong>My company, Zapach Prochu (Smell of Gunpowder) Micha\u0142 Ro\u017cy\u0144ski, was founded out of love for practical shooting sports. I run training programmes dealing with all aspects of practical shooting. Taking beginners, for example, through the fundamentals of marksmanship, including safety, shooting theory, competition rules and practical demonstrations leading up to the moment they take their first shots. I also organize shooting events, including birthday parties, bachelor parties and \"gift shooting lessons\".<\/strong><\/p>\n<\/div><\/div>","protected":false},"excerpt":{"rendered":"<p>Micha\u0142 &#8222;Ro\u017cek&#8221; Ro\u017cy\u0144ski Jestem emerytowanym funkcjonariuszem Policji, instruktorem strzelectwa, s\u0119dzi\u0105 strzelectwa sportowego i z\u0142ot\u0105 r\u0105czk\u0105 \ud83d\ude42 Posiadam wieloletnie do\u015bwiadczenie jako instruktor strzelectwa, w s\u0142u\u017cbie oraz w \u017cyciu cywilnym. Swoje umiej\u0119tno\u015bci podnosi\u0142em w trakcie szeregu szkole\u0144 a tak\u017ce podczas misji poza granicami kraju. Jestem zawodnikiem dynamicznego strzelectwa sportowego zrzeszonym w regionie [&hellip;]<\/p>","protected":false},"author":1,"featured_media":0,"parent":0,"menu_order":0,"comment_status":"closed","ping_status":"open","template":"","meta":{"ngg_post_thumbnail":0},"_links":{"self":[{"href":"https:\/\/zapachprochu.com\/en\/wp-json\/wp\/v2\/pages\/124"}],"collection":[{"href":"https:\/\/zapachprochu.com\/en\/wp-json\/wp\/v2\/pages"}],"about":[{"href":"https:\/\/zapachprochu.com\/en\/wp-json\/wp\/v2\/types\/page"}],"author":[{"embeddable":true,"href":"https:\/\/zapachprochu.com\/en\/wp-json\/wp\/v2\/users\/1"}],"replies":[{"embeddable":true,"href":"https:\/\/zapachprochu.com\/en\/wp-json\/wp\/v2\/comments?post=124"}],"version-history":[{"count":4,"href":"https:\/\/zapachprochu.com\/en\/wp-json\/wp\/v2\/pages\/124\/revisions"}],"predecessor-version":[{"id":165,"href":"https:\/\/zapachprochu.com\/en\/wp-json\/wp\/v2\/pages\/124\/revisions\/165"}],"wp:attachment":[{"href":"https:\/\/zapachprochu.com\/en\/wp-json\/wp\/v2\/media?parent=124"}],"curies":[{"name":"wp","href":"https:\/\/api.w.org\/{rel}","templated":true}]}}