{"id":34,"date":"2021-04-05T13:16:35","date_gmt":"2021-04-05T13:16:35","guid":{"rendered":"https:\/\/zapachprochu.com\/?page_id=34"},"modified":"2021-04-05T16:42:15","modified_gmt":"2021-04-05T16:42:15","slug":"home","status":"publish","type":"page","link":"https:\/\/zapachprochu.com\/en\/","title":{"rendered":"HOME"},"content":{"rendered":"<h2><strong>SHOOTING TRAINING AND COURSES.<\/strong><\/h2>\n\n\n<p>I offer personalized in shooting on the basis of a personal trainer.<\/p>\n\n\n<h2><strong>SAFETY AND PROFESSIONALISM<\/strong><\/h2>\n\n\n<p>Beginners will familiarize with the rules of the shooting range and will be trained in safe handling of firearms.<\/p>\n\n\n<h2>FEEL THE SMELL OF GUNPOWDER AND FALL IN LOVE IN SHOOTING!<\/h2>\n\n\n<p>With me you will take the first steps in the shooting world.<\/p>","protected":false},"excerpt":{"rendered":"<p>TRENINGI I SZKOLENIA Z ZAKRESU STRZELECTWA Oferuj\u0119 spersonalizowane treningi i szkolenia z zakresu strzelectwa na zasadzie trenera personalnego. BEZPIECZE\u0143STWO I PROFESJONALIZM Osoby pocz\u0105tkuj\u0105ce zapoznam z zasadami obowi\u0105zuj\u0105cymi na strzelnicy oraz przeszkol\u0119 z bezpiecznej obs\u0142ugi broni palnej. POCZUJ ZAPACH PROCHU I ZAKOCHAJ SI\u0118 W STRZELECTWIE! Ze mn\u0105 postawisz pierwsze kroki w [&hellip;]<\/p>","protected":false},"author":1,"featured_media":67,"parent":0,"menu_order":0,"comment_status":"closed","ping_status":"closed","template":"","meta":{"ngg_post_thumbnail":0},"_links":{"self":[{"href":"https:\/\/zapachprochu.com\/en\/wp-json\/wp\/v2\/pages\/34"}],"collection":[{"href":"https:\/\/zapachprochu.com\/en\/wp-json\/wp\/v2\/pages"}],"about":[{"href":"https:\/\/zapachprochu.com\/en\/wp-json\/wp\/v2\/types\/page"}],"author":[{"embeddable":true,"href":"https:\/\/zapachprochu.com\/en\/wp-json\/wp\/v2\/users\/1"}],"replies":[{"embeddable":true,"href":"https:\/\/zapachprochu.com\/en\/wp-json\/wp\/v2\/comments?post=34"}],"version-history":[{"count":10,"href":"https:\/\/zapachprochu.com\/en\/wp-json\/wp\/v2\/pages\/34\/revisions"}],"predecessor-version":[{"id":139,"href":"https:\/\/zapachprochu.com\/en\/wp-json\/wp\/v2\/pages\/34\/revisions\/139"}],"wp:featuredmedia":[{"embeddable":true,"href":"https:\/\/zapachprochu.com\/en\/wp-json\/wp\/v2\/media\/67"}],"wp:attachment":[{"href":"https:\/\/zapachprochu.com\/en\/wp-json\/wp\/v2\/media?parent=34"}],"curies":[{"name":"wp","href":"https:\/\/api.w.org\/{rel}","templated":true}]}}